{"id":6807,"date":"2019-04-24T09:27:10","date_gmt":"2019-04-24T06:27:10","guid":{"rendered":"https:\/\/www.landuse-ca.org\/?page_id=6807"},"modified":"2021-12-01T19:38:38","modified_gmt":"2021-12-01T16:38:38","slug":"smi-o-nas-2","status":"publish","type":"page","link":"https:\/\/www.landuse-ca.org\/en\/smi-o-nas-2\/","title":{"rendered":"Mass media about us"},"content":{"rendered":"<ul class=\"columns-2\"><li><a href=\"http:\/\/kyrgyzmedia.com\/2020\/02\/20\/tuzdalagan-zher-t-sh-md-azajtat\/?fbclid=IwAR3I-H-CZf4aW2jldQZ1KlVuStQIppoD8A4rvzo9IPdF6AampF08GA--gFQ\">Soil salinization reduces yield (\u201cAssociation of Community Media\u201d, 20\/02\/20)<\/a><\/li><li><a href=\"http:\/\/kyrgyzmedia.com\/2020\/02\/06\/izild-ishinin-zhyjyntygy-menen-ataj-orussiyada-akysyz-okuuga-zholdomo-aldy\/\">Atay received a scholarship to study in Russia for his research (\u201cAssociation of Community Media\u201d, 06\/02\/20)<\/a><\/li><li><a href=\"https:\/\/www.landuse-ca.org\/wp-content\/uploads\/2020\/02\/Cooperation-of-Turkmenistan-with-foreign-countries-on-sustainable-pasture-management.pdf\">Cooperation of Turkmenistan with foreign countries on sustainable pasture management (\u201cEcological culture and environment protection\u201d magazine, 01\/10\/19)<\/a><\/li><li><a href=\"https:\/\/www.mfa.gov.tm\/index.php\/en\/news\/1441\">Seminar was held in Ashgabat on the regional project \u201cEcosystem-based Land Use and Preservation of Ecosystems along the Lower Sections of Amu Darya River\u201d (website of the MFA of Turkmenistan, 07\/06\/2019)<\/a><\/li><li><a href=\"http:\/\/turkmenistan.gov.tm\/_eng\/?id=12245\">Representatives of mass media study the approaches in solution of the problems of climate change (digital newspaper \u201cTurkmenistan: golden age\u201d, 28\/02\/2019)<\/a><\/li><li><a href=\"http:\/\/envirodm.org\/post\/researchers-apply-flood-green-guide-principles-in-tajikistan\">Researchers Apply Flood Green Guide Principles in Tajikistan (website of the WWF Environment &amp; Disaster Management Program, 2019)<\/a><\/li><li><a href=\"https:\/\/www.landuse-ca.org\/?page_id=7390\">\u201cBirinchi Radio\u201d (OTRK) Audio Reportage about the 5th Walnut Festival (Arslanbob village, Bazar-Korgon district, Kyrgyzstan, 09\/11\/2018)<\/a><\/li><li><a href=\"https:\/\/www.landuse-ca.org\/?page_id=7392\">Video Reportage of the STV Channel about the 5th Walnut Festival (v. Arslanbob, Bazar-Korgon district, Kyrgyzstan, 07\/11\/2018)<\/a><\/li><li><a href=\"https:\/\/www.landuse-ca.org\/?page_id=7396\">Video Reportage of the STV Channel about the 5th Walnut Festival (Kyrgyz, v. Arslanbob, Bazar-Korgon district, Kyrgyzstan, 11\/07\/2018)<\/a><\/li><li><a href=\"https:\/\/www.landuse-ca.org\/wp-content\/uploads\/2019\/07\/%D0%A1%D1%82%D0%B0%D1%82%D1%8C%D1%8F-%D0%BE-%D0%B2%D0%B8%D0%B7%D0%B8%D1%82%D0%B5-TKM-%D0%B4%D0%B5%D0%BB%D0%B5%D0%B3%D0%B0%D1%86%D0%B8%D0%B8-%D0%B2%D0%BE-%D0%A4%D1%80%D0%B0%D0%BD%D1%86%D0%B8%D1%8E-Article-La-D%C3%A9p%C3%AAche_6-juillet-2018.pdf\">Le Turkm\u00e9nistan en visite pour se lancer dans le pastoralisme (Article La D\u00e9p\u00eache, 06\/07\/2018)<\/a><\/li><li><a href=\"https:\/\/www.landuse-ca.org\/?page_id=7384\">KTRK Video Reportage \u201cFuture of the Forest Ecology\u201d about Environmental Awareness Day in Dashman Nature Reserve (Arslanbob village, Bazar-Korgon district, Kyrgyzstan, 26\/06\/2018)<\/a><\/li><li><a href=\"https:\/\/www.landuse-ca.org\/?page_id=7380\">KTRK Video Reportage \u201cRespect for Nature\u201d (Arslanbob village, Bazar-Korgon district, Kyrgyzstan, 26\/06\/2018<\/a>)<\/li><li><a href=\"https:\/\/www.mfa.gov.tm\/en\/news\/736\">Working group has been set up to develop a regional program for the protection of the environment for sustainable development (website of the MFA of Turkmenistan, 06\/2018)<\/a><\/li><li><a href=\"http:\/\/ekois.net\/sotsialno-obrazovatelnaya-vystavka-ya-i-okruzhayushhij-mir-proshla-v-naryne\/\">\u201cThe Environment and Me\u201d Socio-Educational Exhibition held in Naryn (Kyrgyzstan, 15\/05\/2018)<\/a><\/li><li><a href=\"https:\/\/www.landuse-ca.org\/?page_id=7356\">KTRK\u00a0 Video Reportage about \u201cThe Environment and Me\u201d Socio-Educational Exhibition (Naryn, Kyrgyzstan, 15\/05\/2018)<\/a><\/li><li><a href=\"https:\/\/reliefweb.int\/report\/tajikistan\/supporting-pasture-users-unions-prevent-pasture-degradation-tajikistan\">Supporting Pasture Users Unions to prevent pasture degradation in Tajikistan \u2013 Report from ACTED (ReliefWeb, 01\/02\/2018)<\/a><\/li><\/ul>","protected":false},"excerpt":{"rendered":"<p>Soil salinization reduces yield (\u201cAssociation of Community Media\u201d, 20\/02\/20) Atay received a scholarship to study in Russia for his research (\u201cAssociation of Community Media\u201d, 06\/02\/20) Cooperation of Turkmenistan with foreign countries on sustainable pasture management (\u201cEcological culture and environment protection\u201d magazine, 01\/10\/19) Seminar was held in Ashgabat on the regional project \u201cEcosystem-based Land Use and &hellip;<\/p>\n","protected":false},"author":1,"featured_media":0,"parent":0,"menu_order":21,"comment_status":"closed","ping_status":"closed","template":"","meta":[],"_links":{"self":[{"href":"https:\/\/www.landuse-ca.org\/en\/wp-json\/wp\/v2\/pages\/6807"}],"collection":[{"href":"https:\/\/www.landuse-ca.org\/en\/wp-json\/wp\/v2\/pages"}],"about":[{"href":"https:\/\/www.landuse-ca.org\/en\/wp-json\/wp\/v2\/types\/page"}],"author":[{"embeddable":true,"href":"https:\/\/www.landuse-ca.org\/en\/wp-json\/wp\/v2\/users\/1"}],"replies":[{"embeddable":true,"href":"https:\/\/www.landuse-ca.org\/en\/wp-json\/wp\/v2\/comments?post=6807"}],"version-history":[{"count":2,"href":"https:\/\/www.landuse-ca.org\/en\/wp-json\/wp\/v2\/pages\/6807\/revisions"}],"predecessor-version":[{"id":617745,"href":"https:\/\/www.landuse-ca.org\/en\/wp-json\/wp\/v2\/pages\/6807\/revisions\/617745"}],"wp:attachment":[{"href":"https:\/\/www.landuse-ca.org\/en\/wp-json\/wp\/v2\/media?parent=6807"}],"curies":[{"name":"wp","href":"https:\/\/api.w.org\/{rel}","templated":true}]}}