{"id":5196,"date":"2018-11-26T05:57:30","date_gmt":"2018-11-26T02:57:30","guid":{"rendered":"https:\/\/www.landuse-ca.org\/?page_id=5196"},"modified":"2021-12-15T12:04:06","modified_gmt":"2021-12-15T09:04:06","slug":"vyhodnye-dannye","status":"publish","type":"page","link":"https:\/\/www.landuse-ca.org\/en\/vyhodnye-dannye\/","title":{"rendered":"Registration information"},"content":{"rendered":"<p>Deutsche Gesellschaft f\u00fcr Internationale Zusammenarbeit (GIZ) GmbH<\/p>\n\n\n\n<p>Registered offices<\/p>\n\n\n\n<p>Bonn and Eschborn, Germany<\/p>\n\n\n\n<p>Friedrich-Ebert-Allee 32 + 36<br>53113 Bonn, Germany<br>T +49 228 44 60-0<br>F\u202f+49 228 44 60-17 66<\/p>\n\n\n\n<p>Dag-Hammarskj\u00f6ld-Weg 1 &#8211; 5<br>65760 Eschborn, Germany<br>T +49 61 96 79-0<br>F +49 61 96 79-11 15<\/p>\n\n\n\n<p>Email&nbsp;<a href=\"mailto:info@giz.de\">info@giz.de<\/a><br>Internet&nbsp;<a href=\"http:\/\/www.giz.de\/\" rel=\"noreferrer noopener\" target=\"_blank\">www.giz.de<\/a><\/p>\n\n\n\n<p>Registered at<\/p>\n\n\n\n<p>Local court (Amtsgericht)<\/p>\n\n\n\n<p>Bonn, Germany: HRB 18384<br>Local court (Amtsgericht)<\/p>\n\n\n\n<p>Frankfurt am Main, Germany: HRB 12394<\/p>\n\n\n\n<p>VAT no.<\/p>\n\n\n\n<p>DE 113891176<\/p>\n\n\n\n<p>Chairperson of the Supervisory Board<\/p>\n\n\n\n<p>Martin J\u00e4ger<br>State Secretary at the Federal Ministry for Economic Cooperation and Development<\/p>\n\n\n\n<p>Management Board<br>Tanja G\u00f6nner (Chair of the Management Board)<br>Ingrid-Gabriela Hoven<br>Thorsten Sch\u00e4fer-G\u00fcmbel<\/p>","protected":false},"excerpt":{"rendered":"<p>Deutsche Gesellschaft f\u00fcr Internationale Zusammenarbeit (GIZ) GmbH Registered offices Bonn and Eschborn, Germany Friedrich-Ebert-Allee 32 + 3653113 Bonn, GermanyT +49 228 44 60-0F\u202f+49 228 44 60-17 66 Dag-Hammarskj\u00f6ld-Weg 1 &#8211; 565760 Eschborn, GermanyT +49 61 96 79-0F +49 61 96 79-11 15 Email&nbsp;info@giz.deInternet&nbsp;www.giz.de Registered at Local court (Amtsgericht) Bonn, Germany: HRB 18384Local court (Amtsgericht) Frankfurt &hellip;<\/p>\n","protected":false},"author":1,"featured_media":0,"parent":0,"menu_order":9,"comment_status":"closed","ping_status":"closed","template":"","meta":[],"_links":{"self":[{"href":"https:\/\/www.landuse-ca.org\/en\/wp-json\/wp\/v2\/pages\/5196"}],"collection":[{"href":"https:\/\/www.landuse-ca.org\/en\/wp-json\/wp\/v2\/pages"}],"about":[{"href":"https:\/\/www.landuse-ca.org\/en\/wp-json\/wp\/v2\/types\/page"}],"author":[{"embeddable":true,"href":"https:\/\/www.landuse-ca.org\/en\/wp-json\/wp\/v2\/users\/1"}],"replies":[{"embeddable":true,"href":"https:\/\/www.landuse-ca.org\/en\/wp-json\/wp\/v2\/comments?post=5196"}],"version-history":[{"count":2,"href":"https:\/\/www.landuse-ca.org\/en\/wp-json\/wp\/v2\/pages\/5196\/revisions"}],"predecessor-version":[{"id":618242,"href":"https:\/\/www.landuse-ca.org\/en\/wp-json\/wp\/v2\/pages\/5196\/revisions\/618242"}],"wp:attachment":[{"href":"https:\/\/www.landuse-ca.org\/en\/wp-json\/wp\/v2\/media?parent=5196"}],"curies":[{"name":"wp","href":"https:\/\/api.w.org\/{rel}","templated":true}]}}